{"id":6506,"date":"2025-03-10T09:59:06","date_gmt":"2025-03-10T09:59:06","guid":{"rendered":"https:\/\/cmpf.ma\/?page_id=6506"},"modified":"2025-03-10T10:03:36","modified_gmt":"2025-03-10T10:03:36","slug":"depannage-et-remorquage","status":"publish","type":"page","link":"https:\/\/cmpf.ma\/en\/depannage-et-remorquage\/","title":{"rendered":"Breakdown and Towing"},"content":{"rendered":"<div data-elementor-type=\"wp-page\" data-elementor-id=\"6506\" class=\"elementor elementor-6506\" data-elementor-settings=\"{&quot;ha_cmc_init_switcher&quot;:&quot;no&quot;}\">\n\t\t\t\t<div class=\"elementor-element elementor-element-ce175df e-flex e-con-boxed e-con e-parent\" data-id=\"ce175df\" data-element_type=\"container\" data-settings=\"{&quot;_ha_eqh_enable&quot;:false}\">\n\t\t\t\t\t<div class=\"e-con-inner\">\n\t\t<div class=\"elementor-element elementor-element-07737fb e-con-full e-flex e-con e-child\" data-id=\"07737fb\" data-element_type=\"container\" data-settings=\"{&quot;_ha_eqh_enable&quot;:false}\">\n\t\t\t\t<div class=\"elementor-element elementor-element-9b9ae2a elementor-widget elementor-widget-heading\" data-id=\"9b9ae2a\" data-element_type=\"widget\" data-widget_type=\"heading.default\">\n\t\t\t\t<div class=\"elementor-widget-container\">\n\t\t\t\t\t<h1 class=\"elementor-heading-title elementor-size-default\">Breakdown and Towing<\/h1>\t\t\t\t<\/div>\n\t\t\t\t<\/div>\n\t\t\t\t<div class=\"elementor-element elementor-element-ad0d946 elementor-widget elementor-widget-image\" data-id=\"ad0d946\" data-element_type=\"widget\" data-widget_type=\"image.default\">\n\t\t\t\t<div class=\"elementor-widget-container\">\n\t\t\t\t\t\t\t\t\t\t\t\t\t\t\t<img fetchpriority=\"high\" decoding=\"async\" width=\"712\" height=\"218\" src=\"https:\/\/cmpf.ma\/wp-content\/uploads\/2025\/03\/1411373578.jpg\" class=\"attachment-large size-large wp-image-6510\" alt=\"\" srcset=\"https:\/\/cmpf.ma\/wp-content\/uploads\/2025\/03\/1411373578.jpg 712w, https:\/\/cmpf.ma\/wp-content\/uploads\/2025\/03\/1411373578-300x92.jpg 300w, https:\/\/cmpf.ma\/wp-content\/uploads\/2025\/03\/1411373578-18x6.jpg 18w, https:\/\/cmpf.ma\/wp-content\/uploads\/2025\/03\/1411373578-600x184.jpg 600w, https:\/\/cmpf.ma\/wp-content\/uploads\/2025\/03\/1411373578-560x171.jpg 560w\" sizes=\"(max-width: 712px) 100vw, 712px\" \/>\t\t\t\t\t\t\t\t\t\t\t\t\t\t\t<\/div>\n\t\t\t\t<\/div>\n\t\t\t\t<div class=\"elementor-element elementor-element-c64255e elementor-widget elementor-widget-text-editor\" data-id=\"c64255e\" data-element_type=\"widget\" data-widget_type=\"text-editor.default\">\n\t\t\t\t<div class=\"elementor-widget-container\">\n\t\t\t\t\t\t\t\t\t<p>Offers automobile breakdown and towing services in all circumstances.<\/p><p>We are at your service 7 days a week, 24 hours a day.<\/p><p>Quotation available upon a simple phone call.<\/p><p>Speed is one of our top priorities.<\/p>\t\t\t\t\t\t\t\t<\/div>\n\t\t\t\t<\/div>\n\t\t\t\t<\/div>\n\t\t\t\t\t<\/div>\n\t\t\t\t<\/div>\n\t\t\t\t<\/div>","protected":false},"excerpt":{"rendered":"<p>D\u00e9pannage et Remorquage Vous propose ses services de d\u00e9pannage remorquage automobile quelles que soient les circonstances . Nous Sommes \u00e0 votre service 7 jours sur 7 et ce 24 Heures sur 24 . Devis sur simple appel . La rapidit\u00e9 est l&rsquo;une de nos priorit\u00e9s .<\/p>","protected":false},"author":1,"featured_media":0,"parent":0,"menu_order":0,"comment_status":"closed","ping_status":"closed","template":"elementor_header_footer","meta":{"footnotes":""},"class_list":["post-6506","page","type-page","status-publish","hentry"],"_links":{"self":[{"href":"https:\/\/cmpf.ma\/en\/wp-json\/wp\/v2\/pages\/6506","targetHints":{"allow":["GET"]}}],"collection":[{"href":"https:\/\/cmpf.ma\/en\/wp-json\/wp\/v2\/pages"}],"about":[{"href":"https:\/\/cmpf.ma\/en\/wp-json\/wp\/v2\/types\/page"}],"author":[{"embeddable":true,"href":"https:\/\/cmpf.ma\/en\/wp-json\/wp\/v2\/users\/1"}],"replies":[{"embeddable":true,"href":"https:\/\/cmpf.ma\/en\/wp-json\/wp\/v2\/comments?post=6506"}],"version-history":[{"count":13,"href":"https:\/\/cmpf.ma\/en\/wp-json\/wp\/v2\/pages\/6506\/revisions"}],"predecessor-version":[{"id":6522,"href":"https:\/\/cmpf.ma\/en\/wp-json\/wp\/v2\/pages\/6506\/revisions\/6522"}],"wp:attachment":[{"href":"https:\/\/cmpf.ma\/en\/wp-json\/wp\/v2\/media?parent=6506"}],"curies":[{"name":"wp","href":"https:\/\/api.w.org\/{rel}","templated":true}]}}