{"id":6483,"date":"2025-03-10T09:40:07","date_gmt":"2025-03-10T09:40:07","guid":{"rendered":"https:\/\/cmpf.ma\/?page_id=6483"},"modified":"2025-04-30T14:08:15","modified_gmt":"2025-04-30T14:08:15","slug":"liens-utiles","status":"publish","type":"page","link":"https:\/\/cmpf.ma\/es\/liens-utiles\/","title":{"rendered":"Enlaces \u00fatiles"},"content":{"rendered":"<div data-elementor-type=\"wp-page\" data-elementor-id=\"6483\" class=\"elementor elementor-6483\" data-elementor-settings=\"{&quot;ha_cmc_init_switcher&quot;:&quot;no&quot;}\">\n\t\t\t\t<div class=\"elementor-element elementor-element-bb973ff e-flex e-con-boxed e-con e-parent\" data-id=\"bb973ff\" data-element_type=\"container\" data-settings=\"{&quot;_ha_eqh_enable&quot;:false}\">\n\t\t\t\t\t<div class=\"e-con-inner\">\n\t\t\t\t<div class=\"elementor-element elementor-element-d24ff76 elementor-widget elementor-widget-heading\" data-id=\"d24ff76\" data-element_type=\"widget\" data-widget_type=\"heading.default\">\n\t\t\t\t<div class=\"elementor-widget-container\">\n\t\t\t\t\t<h2 class=\"elementor-heading-title elementor-size-default\">Enlaces \u00fatiles :<\/h2>\t\t\t\t<\/div>\n\t\t\t\t<\/div>\n\t\t\t\t<div class=\"elementor-element elementor-element-6070bb5 links_ut elementor-widget elementor-widget-text-editor\" data-id=\"6070bb5\" data-element_type=\"widget\" data-widget_type=\"text-editor.default\">\n\t\t\t\t<div class=\"elementor-widget-container\">\n\t\t\t\t\t\t\t\t\t<ul><li style=\"list-style-type: none;\"><ul><li style=\"list-style-type: none\"><ul><li><a href=\"https:\/\/www.cimetiereeuropeencasablanca.com\/\" target=\"_blank\" rel=\"noopener\">Cementerios Europeos en Marruecos.<\/a><\/li><li><a href=\"https:\/\/www.thanos.org\/en\"><img decoding=\"async\" class=\"alignnone wp-image-7158\" src=\"https:\/\/cmpf.ma\/wp-content\/uploads\/2025\/04\/logo_fiat.svg\" alt=\"\" width=\"124\" height=\"30\" \/> FIAT-IFTA<\/a><\/li><li><a href=\"https:\/\/www.onac-vg.fr\/services\/service-de-proximite-de-onacvg-du-maroc\">Servicio cerca de onacvg de Marruecos<\/a><\/li><li><a href=\"https:\/\/ma.consulfrance.org\/-Casablanca-\" target=\"_blank\" rel=\"noopener\">Consulado General de Francia en Casablanca.<\/a><\/li><li><a href=\"https:\/\/ma.consulfrance.org\/-Agadir-\">Consulado General de Francia en Agadir.<\/a><\/li><li><a href=\"https:\/\/ma.consulfrance.org\/-Fes-\">Consulado General de Francia en Fez.<\/a><\/li><\/ul><\/li><\/ul><\/li><\/ul>\t\t\t\t\t\t\t\t<\/div>\n\t\t\t\t<\/div>\n\t\t\t\t\t<\/div>\n\t\t\t\t<\/div>\n\t\t\t\t<\/div>","protected":false},"excerpt":{"rendered":"<p>Liens utiles : Cimeti\u00e8res Europ\u00e9ens au Maroc FIAT-IFTA Service de proximite de onacvg du Maroc Consulat g\u00e9n\u00e9ral de France \u00e0 Casablanca Consulat g\u00e9n\u00e9ral de France \u00e0 Agadir Consulat g\u00e9n\u00e9ral de France \u00e0 Fes<\/p>","protected":false},"author":1,"featured_media":0,"parent":0,"menu_order":0,"comment_status":"closed","ping_status":"closed","template":"elementor_header_footer","meta":{"footnotes":""},"class_list":["post-6483","page","type-page","status-publish","hentry"],"_links":{"self":[{"href":"https:\/\/cmpf.ma\/es\/wp-json\/wp\/v2\/pages\/6483","targetHints":{"allow":["GET"]}}],"collection":[{"href":"https:\/\/cmpf.ma\/es\/wp-json\/wp\/v2\/pages"}],"about":[{"href":"https:\/\/cmpf.ma\/es\/wp-json\/wp\/v2\/types\/page"}],"author":[{"embeddable":true,"href":"https:\/\/cmpf.ma\/es\/wp-json\/wp\/v2\/users\/1"}],"replies":[{"embeddable":true,"href":"https:\/\/cmpf.ma\/es\/wp-json\/wp\/v2\/comments?post=6483"}],"version-history":[{"count":34,"href":"https:\/\/cmpf.ma\/es\/wp-json\/wp\/v2\/pages\/6483\/revisions"}],"predecessor-version":[{"id":8345,"href":"https:\/\/cmpf.ma\/es\/wp-json\/wp\/v2\/pages\/6483\/revisions\/8345"}],"wp:attachment":[{"href":"https:\/\/cmpf.ma\/es\/wp-json\/wp\/v2\/media?parent=6483"}],"curies":[{"name":"wp","href":"https:\/\/api.w.org\/{rel}","templated":true}]}}