{"id":6529,"date":"2025-03-10T10:08:54","date_gmt":"2025-03-10T10:08:54","guid":{"rendered":"https:\/\/cmpf.ma\/?page_id=6529"},"modified":"2025-03-10T10:09:35","modified_gmt":"2025-03-10T10:09:35","slug":"etablissement-du-constat-amiable-en-cas-daccident","status":"publish","type":"page","link":"https:\/\/cmpf.ma\/es\/etablissement-du-constat-amiable-en-cas-daccident\/","title":{"rendered":"Establecimiento de la articulaci\u00f3n de informe en caso de accidente"},"content":{"rendered":"<div data-elementor-type=\"wp-page\" data-elementor-id=\"6529\" class=\"elementor elementor-6529\" data-elementor-settings=\"{&quot;ha_cmc_init_switcher&quot;:&quot;no&quot;}\">\n\t\t\t\t<div class=\"elementor-element elementor-element-ce175df e-flex e-con-boxed e-con e-parent\" data-id=\"ce175df\" data-element_type=\"container\" data-settings=\"{&quot;_ha_eqh_enable&quot;:false}\">\n\t\t\t\t\t<div class=\"e-con-inner\">\n\t\t<div class=\"elementor-element elementor-element-07737fb e-con-full e-flex e-con e-child\" data-id=\"07737fb\" data-element_type=\"container\" data-settings=\"{&quot;_ha_eqh_enable&quot;:false}\">\n\t\t\t\t<div class=\"elementor-element elementor-element-9b9ae2a elementor-widget elementor-widget-heading\" data-id=\"9b9ae2a\" data-element_type=\"widget\" data-widget_type=\"heading.default\">\n\t\t\t\t<div class=\"elementor-widget-container\">\n\t\t\t\t\t<h1 class=\"elementor-heading-title elementor-size-default\">Elaboraci\u00f3n del parte amistoso en caso de accidente.<\/h1>\t\t\t\t<\/div>\n\t\t\t\t<\/div>\n\t\t\t\t<div class=\"elementor-element elementor-element-ad0d946 elementor-widget elementor-widget-image\" data-id=\"ad0d946\" data-element_type=\"widget\" data-widget_type=\"image.default\">\n\t\t\t\t<div class=\"elementor-widget-container\">\n\t\t\t\t\t\t\t\t\t\t\t\t\t\t\t<img fetchpriority=\"high\" decoding=\"async\" width=\"712\" height=\"215\" src=\"https:\/\/cmpf.ma\/wp-content\/uploads\/2025\/03\/1411373395.jpg\" class=\"attachment-large size-large wp-image-6531\" alt=\"\" srcset=\"https:\/\/cmpf.ma\/wp-content\/uploads\/2025\/03\/1411373395.jpg.webp 712w, https:\/\/cmpf.ma\/wp-content\/uploads\/2025\/03\/1411373395-300x91.jpg.webp 300w, https:\/\/cmpf.ma\/wp-content\/uploads\/2025\/03\/1411373395-18x5.jpg 18w, https:\/\/cmpf.ma\/wp-content\/uploads\/2025\/03\/1411373395-600x181.jpg.webp 600w, https:\/\/cmpf.ma\/wp-content\/uploads\/2025\/03\/1411373395-560x169.jpg.webp 560w\" sizes=\"(max-width: 712px) 100vw, 712px\" \/>\t\t\t\t\t\t\t\t\t\t\t\t\t\t\t<\/div>\n\t\t\t\t<\/div>\n\t\t\t\t<div class=\"elementor-element elementor-element-c64255e elementor-widget elementor-widget-text-editor\" data-id=\"c64255e\" data-element_type=\"widget\" data-widget_type=\"text-editor.default\">\n\t\t\t\t<div class=\"elementor-widget-container\">\n\t\t\t\t\t\t\t\t\t<p>La CMPF le ayuda a elaborar correctamente el parte amistoso, tomando tambi\u00e9n fotograf\u00edas.<\/p><p>Se constituye as\u00ed un expediente conforme, que luego se env\u00eda a la compa\u00f1\u00eda de seguros.<\/p>\t\t\t\t\t\t\t\t<\/div>\n\t\t\t\t<\/div>\n\t\t\t\t<\/div>\n\t\t\t\t\t<\/div>\n\t\t\t\t<\/div>\n\t\t\t\t<\/div>","protected":false},"excerpt":{"rendered":"<p>Etablissement du constat amiable en cas d&rsquo;accident La CMPF vous aide \u00e0 \u00e9tablir ad\u00e9quatement le constat amiable tout en prenant des photos Un dossier conforme est donc constitu\u00e9 et envoy\u00e9 \u00e0 la compagnie d&rsquo;assurance .<\/p>","protected":false},"author":1,"featured_media":0,"parent":0,"menu_order":0,"comment_status":"closed","ping_status":"closed","template":"elementor_header_footer","meta":{"footnotes":""},"class_list":["post-6529","page","type-page","status-publish","hentry"],"_links":{"self":[{"href":"https:\/\/cmpf.ma\/es\/wp-json\/wp\/v2\/pages\/6529","targetHints":{"allow":["GET"]}}],"collection":[{"href":"https:\/\/cmpf.ma\/es\/wp-json\/wp\/v2\/pages"}],"about":[{"href":"https:\/\/cmpf.ma\/es\/wp-json\/wp\/v2\/types\/page"}],"author":[{"embeddable":true,"href":"https:\/\/cmpf.ma\/es\/wp-json\/wp\/v2\/users\/1"}],"replies":[{"embeddable":true,"href":"https:\/\/cmpf.ma\/es\/wp-json\/wp\/v2\/comments?post=6529"}],"version-history":[{"count":4,"href":"https:\/\/cmpf.ma\/es\/wp-json\/wp\/v2\/pages\/6529\/revisions"}],"predecessor-version":[{"id":6534,"href":"https:\/\/cmpf.ma\/es\/wp-json\/wp\/v2\/pages\/6529\/revisions\/6534"}],"wp:attachment":[{"href":"https:\/\/cmpf.ma\/es\/wp-json\/wp\/v2\/media?parent=6529"}],"curies":[{"name":"wp","href":"https:\/\/api.w.org\/{rel}","templated":true}]}}