{"id":6535,"date":"2025-03-10T10:10:22","date_gmt":"2025-03-10T10:10:22","guid":{"rendered":"https:\/\/cmpf.ma\/?page_id=6535"},"modified":"2025-03-10T10:11:13","modified_gmt":"2025-03-10T10:11:13","slug":"abandon-de-vehicule","status":"publish","type":"page","link":"https:\/\/cmpf.ma\/es\/abandon-de-vehicule\/","title":{"rendered":"Abandono de veh\u00edculo"},"content":{"rendered":"<div data-elementor-type=\"wp-page\" data-elementor-id=\"6535\" class=\"elementor elementor-6535\" data-elementor-settings=\"{&quot;ha_cmc_init_switcher&quot;:&quot;no&quot;}\">\n\t\t\t\t<div class=\"elementor-element elementor-element-ce175df e-flex e-con-boxed e-con e-parent\" data-id=\"ce175df\" data-element_type=\"container\" data-settings=\"{&quot;_ha_eqh_enable&quot;:false}\">\n\t\t\t\t\t<div class=\"e-con-inner\">\n\t\t<div class=\"elementor-element elementor-element-07737fb e-con-full e-flex e-con e-child\" data-id=\"07737fb\" data-element_type=\"container\" data-settings=\"{&quot;_ha_eqh_enable&quot;:false}\">\n\t\t\t\t<div class=\"elementor-element elementor-element-9b9ae2a elementor-widget elementor-widget-heading\" data-id=\"9b9ae2a\" data-element_type=\"widget\" data-widget_type=\"heading.default\">\n\t\t\t\t<div class=\"elementor-widget-container\">\n\t\t\t\t\t<h1 class=\"elementor-heading-title elementor-size-default\">Abandono de veh\u00edculo<\/h1>\t\t\t\t<\/div>\n\t\t\t\t<\/div>\n\t\t\t\t<div class=\"elementor-element elementor-element-ad0d946 elementor-widget elementor-widget-image\" data-id=\"ad0d946\" data-element_type=\"widget\" data-widget_type=\"image.default\">\n\t\t\t\t<div class=\"elementor-widget-container\">\n\t\t\t\t\t\t\t\t\t\t\t\t\t\t\t<img fetchpriority=\"high\" decoding=\"async\" width=\"712\" height=\"225\" src=\"https:\/\/cmpf.ma\/wp-content\/uploads\/2025\/03\/1395678557.jpg\" class=\"attachment-large size-large wp-image-6537\" alt=\"\" srcset=\"https:\/\/cmpf.ma\/wp-content\/uploads\/2025\/03\/1395678557.jpg 712w, https:\/\/cmpf.ma\/wp-content\/uploads\/2025\/03\/1395678557-300x95.jpg 300w, https:\/\/cmpf.ma\/wp-content\/uploads\/2025\/03\/1395678557-18x6.jpg 18w, https:\/\/cmpf.ma\/wp-content\/uploads\/2025\/03\/1395678557-600x190.jpg 600w, https:\/\/cmpf.ma\/wp-content\/uploads\/2025\/03\/1395678557-560x177.jpg 560w\" sizes=\"(max-width: 712px) 100vw, 712px\" \/>\t\t\t\t\t\t\t\t\t\t\t\t\t\t\t<\/div>\n\t\t\t\t<\/div>\n\t\t\t\t<div class=\"elementor-element elementor-element-c64255e elementor-widget elementor-widget-text-editor\" data-id=\"c64255e\" data-element_type=\"widget\" data-widget_type=\"text-editor.default\">\n\t\t\t\t<div class=\"elementor-widget-container\">\n\t\t\t\t\t\t\t\t\t<p>En caso de aver\u00eda, accidente, enfermedad del conductor o indisponibilidad, la CMPF se encarga del veh\u00edculo abandonado admitido en importaci\u00f3n temporal en Marruecos, respetando los plazos reglamentarios (m\u00e1ximo 6 meses).<\/p><p>La CMPF pone a disposici\u00f3n de sus clientes conductores competentes, serios y fiables, para un servicio personalizado, refinado y de calidad, adaptado a cada necesidad.<\/p><p>Sea cual sea el tipo de veh\u00edculo: moto, veh\u00edculo utilitario, autom\u00f3vil de turismo, coche deportivo o de colecci\u00f3n, etc., la CMPF realiza todos los tr\u00e1mites y gestiones:<\/p><ul><li>Recepci\u00f3n del veh\u00edculo en el taller,<\/li><li>Transporte mediante cami\u00f3n plataforma o conducci\u00f3n por un chofer seg\u00fan el estado del veh\u00edculo,<\/li><li>Tr\u00e1mites aduaneros,<\/li><li>Regularizaci\u00f3n del pasaporte,<\/li><li>Desguace de los veh\u00edculos considerados como chatarra y tr\u00e1mites de aduana para la importaci\u00f3n definitiva del veh\u00edculo previamente admitido en importaci\u00f3n temporal.<\/li><li>Nuestros conductores poseen licencias de conducir adecuadas y v\u00e1lidas.<\/li><\/ul>\t\t\t\t\t\t\t\t<\/div>\n\t\t\t\t<\/div>\n\t\t\t\t<\/div>\n\t\t\t\t\t<\/div>\n\t\t\t\t<\/div>\n\t\t\t\t<\/div>","protected":false},"excerpt":{"rendered":"<p>Abandon de v\u00e9hicule En cas de panne, d\u2019accident, Maladie du conducteur ou en cas d\u2019indisponibilit\u00e9, la CMPF s\u2019occupe du v\u00e9hicule abandonn\u00e9 admis en importation temporaire au Maroc avec respect des d\u00e9lais r\u00e9glementaires (6 mois au maximum). La CMPF met \u00e0 la disposition de ses clients des chauffeurs comp\u00e9tents, s\u00e9rieux et fiables pour une prestation personnalis\u00e9e, [&hellip;]<\/p>","protected":false},"author":1,"featured_media":0,"parent":0,"menu_order":0,"comment_status":"closed","ping_status":"closed","template":"elementor_header_footer","meta":{"footnotes":""},"class_list":["post-6535","page","type-page","status-publish","hentry"],"_links":{"self":[{"href":"https:\/\/cmpf.ma\/es\/wp-json\/wp\/v2\/pages\/6535","targetHints":{"allow":["GET"]}}],"collection":[{"href":"https:\/\/cmpf.ma\/es\/wp-json\/wp\/v2\/pages"}],"about":[{"href":"https:\/\/cmpf.ma\/es\/wp-json\/wp\/v2\/types\/page"}],"author":[{"embeddable":true,"href":"https:\/\/cmpf.ma\/es\/wp-json\/wp\/v2\/users\/1"}],"replies":[{"embeddable":true,"href":"https:\/\/cmpf.ma\/es\/wp-json\/wp\/v2\/comments?post=6535"}],"version-history":[{"count":4,"href":"https:\/\/cmpf.ma\/es\/wp-json\/wp\/v2\/pages\/6535\/revisions"}],"predecessor-version":[{"id":6540,"href":"https:\/\/cmpf.ma\/es\/wp-json\/wp\/v2\/pages\/6535\/revisions\/6540"}],"wp:attachment":[{"href":"https:\/\/cmpf.ma\/es\/wp-json\/wp\/v2\/media?parent=6535"}],"curies":[{"name":"wp","href":"https:\/\/api.w.org\/{rel}","templated":true}]}}