{"id":6541,"date":"2025-03-10T10:12:00","date_gmt":"2025-03-10T10:12:00","guid":{"rendered":"https:\/\/cmpf.ma\/?page_id=6541"},"modified":"2025-03-10T10:12:50","modified_gmt":"2025-03-10T10:12:50","slug":"quelques-conseils-en-cas-de-panne-ou-daccident","status":"publish","type":"page","link":"https:\/\/cmpf.ma\/es\/quelques-conseils-en-cas-de-panne-ou-daccident\/","title":{"rendered":"Algunos consejos en caso de aver\u00eda o accidente"},"content":{"rendered":"<div data-elementor-type=\"wp-page\" data-elementor-id=\"6541\" class=\"elementor elementor-6541\" data-elementor-settings=\"{&quot;ha_cmc_init_switcher&quot;:&quot;no&quot;}\">\n\t\t\t\t<div class=\"elementor-element elementor-element-ce175df e-flex e-con-boxed e-con e-parent\" data-id=\"ce175df\" data-element_type=\"container\" data-settings=\"{&quot;_ha_eqh_enable&quot;:false}\">\n\t\t\t\t\t<div class=\"e-con-inner\">\n\t\t<div class=\"elementor-element elementor-element-07737fb e-con-full e-flex e-con e-child\" data-id=\"07737fb\" data-element_type=\"container\" data-settings=\"{&quot;_ha_eqh_enable&quot;:false}\">\n\t\t\t\t<div class=\"elementor-element elementor-element-9b9ae2a elementor-widget elementor-widget-heading\" data-id=\"9b9ae2a\" data-element_type=\"widget\" data-widget_type=\"heading.default\">\n\t\t\t\t<div class=\"elementor-widget-container\">\n\t\t\t\t\t<h1 class=\"elementor-heading-title elementor-size-default\">Algunos consejos en caso de aver\u00eda o accidente<\/h1>\t\t\t\t<\/div>\n\t\t\t\t<\/div>\n\t\t\t\t<div class=\"elementor-element elementor-element-ad0d946 elementor-widget elementor-widget-image\" data-id=\"ad0d946\" data-element_type=\"widget\" data-widget_type=\"image.default\">\n\t\t\t\t<div class=\"elementor-widget-container\">\n\t\t\t\t\t\t\t\t\t\t\t\t\t\t\t<img fetchpriority=\"high\" decoding=\"async\" width=\"712\" height=\"252\" src=\"https:\/\/cmpf.ma\/wp-content\/uploads\/2025\/03\/1411373540.jpg\" class=\"attachment-large size-large wp-image-6543\" alt=\"\" srcset=\"https:\/\/cmpf.ma\/wp-content\/uploads\/2025\/03\/1411373540.jpg.webp 712w, https:\/\/cmpf.ma\/wp-content\/uploads\/2025\/03\/1411373540-300x106.jpg.webp 300w, https:\/\/cmpf.ma\/wp-content\/uploads\/2025\/03\/1411373540-18x6.jpg 18w, https:\/\/cmpf.ma\/wp-content\/uploads\/2025\/03\/1411373540-600x212.jpg.webp 600w, https:\/\/cmpf.ma\/wp-content\/uploads\/2025\/03\/1411373540-560x198.jpg.webp 560w\" sizes=\"(max-width: 712px) 100vw, 712px\" \/>\t\t\t\t\t\t\t\t\t\t\t\t\t\t\t<\/div>\n\t\t\t\t<\/div>\n\t\t\t\t<div class=\"elementor-element elementor-element-c64255e elementor-widget elementor-widget-text-editor\" data-id=\"c64255e\" data-element_type=\"widget\" data-widget_type=\"text-editor.default\">\n\t\t\t\t<div class=\"elementor-widget-container\">\n\t\t\t\t\t\t\t\t\t<p>Acaba de sufrir un accidente de tr\u00e1fico, aqu\u00ed est\u00e1n las acciones correctas a seguir:<\/p><ul><li>P\u00f3ngase el chaleco reflectante antes de salir de su veh\u00edculo.<\/li><li>Coloque su tri\u00e1ngulo de pre-se\u00f1alizaci\u00f3n al menos a 30 metros delante de su veh\u00edculo.<\/li><li>Se\u00f1ale el accidente a los dem\u00e1s usuarios de la v\u00eda.<\/li><li>Encienda las luces de emergencia.<\/li><li>Alerta a los servicios de emergencia.<\/li><\/ul>\t\t\t\t\t\t\t\t<\/div>\n\t\t\t\t<\/div>\n\t\t\t\t<\/div>\n\t\t\t\t\t<\/div>\n\t\t\t\t<\/div>\n\t\t\t\t<\/div>","protected":false},"excerpt":{"rendered":"<p>Quelques conseils en cas de panne ou d&rsquo;accident Vous Venez d&rsquo;avoir un accident de la circulation , voici les bons r\u00e9flexes \u00e0 avoir : Mettez votre gilet r\u00e9tro-r\u00e9fl\u00e9chissant avant de sortir de votre v\u00e9hicule . Placez votre triangle de pr\u00e9-signalisation au moins 30 m\u00e8tres avant votre voiture . Signalez l&rsquo;accident aux autres usagers de la [&hellip;]<\/p>","protected":false},"author":1,"featured_media":0,"parent":0,"menu_order":0,"comment_status":"closed","ping_status":"closed","template":"elementor_header_footer","meta":{"footnotes":""},"class_list":["post-6541","page","type-page","status-publish","hentry"],"_links":{"self":[{"href":"https:\/\/cmpf.ma\/es\/wp-json\/wp\/v2\/pages\/6541","targetHints":{"allow":["GET"]}}],"collection":[{"href":"https:\/\/cmpf.ma\/es\/wp-json\/wp\/v2\/pages"}],"about":[{"href":"https:\/\/cmpf.ma\/es\/wp-json\/wp\/v2\/types\/page"}],"author":[{"embeddable":true,"href":"https:\/\/cmpf.ma\/es\/wp-json\/wp\/v2\/users\/1"}],"replies":[{"embeddable":true,"href":"https:\/\/cmpf.ma\/es\/wp-json\/wp\/v2\/comments?post=6541"}],"version-history":[{"count":4,"href":"https:\/\/cmpf.ma\/es\/wp-json\/wp\/v2\/pages\/6541\/revisions"}],"predecessor-version":[{"id":6546,"href":"https:\/\/cmpf.ma\/es\/wp-json\/wp\/v2\/pages\/6541\/revisions\/6546"}],"wp:attachment":[{"href":"https:\/\/cmpf.ma\/es\/wp-json\/wp\/v2\/media?parent=6541"}],"curies":[{"name":"wp","href":"https:\/\/api.w.org\/{rel}","templated":true}]}}