{"id":6622,"date":"2025-03-10T23:14:57","date_gmt":"2025-03-10T23:14:57","guid":{"rendered":"https:\/\/cmpf.ma\/?page_id=6622"},"modified":"2025-04-23T19:40:36","modified_gmt":"2025-04-23T19:40:36","slug":"pompes-funebres-musulmanes","status":"publish","type":"page","link":"https:\/\/cmpf.ma\/es\/pompes-funebres-musulmanes\/","title":{"rendered":"Pompas funebres musulmanes"},"content":{"rendered":"<div data-elementor-type=\"wp-page\" data-elementor-id=\"6622\" class=\"elementor elementor-6622\" data-elementor-settings=\"{&quot;ha_cmc_init_switcher&quot;:&quot;no&quot;}\">\n\t\t\t\t\t\t<section class=\"elementor-section elementor-top-section elementor-element elementor-element-0016147 elementor-section-boxed elementor-section-height-default elementor-section-height-default\" data-id=\"0016147\" data-element_type=\"section\" data-settings=\"{&quot;_ha_eqh_enable&quot;:false}\">\n\t\t\t\t\t\t<div class=\"elementor-container elementor-column-gap-default\">\n\t\t\t\t\t<div class=\"elementor-column elementor-col-100 elementor-top-column elementor-element elementor-element-5ae2113\" data-id=\"5ae2113\" data-element_type=\"column\">\n\t\t\t<div class=\"elementor-widget-wrap elementor-element-populated\">\n\t\t\t\t\t\t<div class=\"elementor-element elementor-element-9cee4d8 elementor-widget elementor-widget-heading\" data-id=\"9cee4d8\" data-element_type=\"widget\" data-widget_type=\"heading.default\">\n\t\t\t\t<div class=\"elementor-widget-container\">\n\t\t\t\t\t<h2 class=\"elementor-heading-title elementor-size-default\">Servicios Funerarios Musulmanes<\/h2>\t\t\t\t<\/div>\n\t\t\t\t<\/div>\n\t\t\t\t<div class=\"elementor-element elementor-element-987b38b elementor-widget elementor-widget-text-editor\" data-id=\"987b38b\" data-element_type=\"widget\" data-widget_type=\"text-editor.default\">\n\t\t\t\t<div class=\"elementor-widget-container\">\n\t\t\t\t\t\t\t\t\t<p>En caso de fallecimientos musulmanes, ya sea en Marruecos o en el extranjero, las compa\u00f1\u00edas de asistencia figuran entre los principales socios de la CMPF.<\/p>\t\t\t\t\t\t\t\t<\/div>\n\t\t\t\t<\/div>\n\t\t\t\t\t<\/div>\n\t\t<\/div>\n\t\t\t\t\t<\/div>\n\t\t<\/section>\n\t\t<div class=\"elementor-element elementor-element-e1b4271 elementor-hidden-desktop elementor-hidden-tablet elementor-hidden-mobile e-flex e-con-boxed e-con e-parent\" data-id=\"e1b4271\" data-element_type=\"container\" data-settings=\"{&quot;_ha_eqh_enable&quot;:false}\">\n\t\t\t\t\t<div class=\"e-con-inner\">\n\t\t\t\t<div class=\"elementor-element elementor-element-7d5e7c8 elementor-widget elementor-widget-ha-carousel happy-addon ha-carousel\" data-id=\"7d5e7c8\" data-element_type=\"widget\" data-settings=\"{&quot;center&quot;:&quot;yes&quot;,&quot;slides_to_show&quot;:&quot;1&quot;,&quot;animation_speed&quot;:300,&quot;autoplay&quot;:&quot;yes&quot;,&quot;autoplay_speed&quot;:3000,&quot;loop&quot;:&quot;yes&quot;,&quot;navigation&quot;:&quot;arrow&quot;,&quot;slides_to_show_tablet&quot;:3,&quot;slides_to_show_mobile&quot;:2,&quot;slides_transition&quot;:&quot;slide&quot;}\" data-widget_type=\"ha-carousel.default\">\n\t\t\t\t<div class=\"elementor-widget-container\">\n\t\t\t\t\t\n\t\t<div data-ha_rcc_uid=\"\" class=\"hajs-slick ha-slick ha-slick--carousel\">\n\n\t\t\t\n\t\t\t\t<div class=\"ha-slick-slide slick-slide\">\n\t\t\t\t\t<div class=\"ha-slick-item\">\n\t\t\t\t\t\t\t\t\t\t\t\t\t<img decoding=\"async\" class=\"ha-slick-img\" src=\"https:\/\/cmpf.ma\/wp-content\/uploads\/2025\/03\/d1fe0f1d-3c88-4368-bf9d-6f5a64164e3e.jpg\" alt=\"\">\n\t\t\t\t\t\t\n\t\t\t\t\t\t\t\t\t\t\t<\/div>\n\t\t\t\t<\/div>\n\n\t\t\t\n\t\t\t\t<div class=\"ha-slick-slide slick-slide\">\n\t\t\t\t\t<div class=\"ha-slick-item\">\n\t\t\t\t\t\t\t\t\t\t\t\t\t<img decoding=\"async\" class=\"ha-slick-img\" src=\"https:\/\/cmpf.ma\/wp-content\/uploads\/2025\/03\/7fbf3f17-b16f-4682-91a7-ae9412164982.jpg\" alt=\"\">\n\t\t\t\t\t\t\n\t\t\t\t\t\t\t\t\t\t\t<\/div>\n\t\t\t\t<\/div>\n\n\t\t\t\n\t\t\t\t<div class=\"ha-slick-slide slick-slide\">\n\t\t\t\t\t<div class=\"ha-slick-item\">\n\t\t\t\t\t\t\t\t\t\t\t\t\t<img decoding=\"async\" class=\"ha-slick-img\" src=\"https:\/\/cmpf.ma\/wp-content\/uploads\/2025\/03\/04f89b7a-33d8-4c7e-84f5-44e379450bb5.jpg\" alt=\"\">\n\t\t\t\t\t\t\n\t\t\t\t\t\t\t\t\t\t\t<\/div>\n\t\t\t\t<\/div>\n\n\t\t\t\n\t\t\t\t<div class=\"ha-slick-slide slick-slide\">\n\t\t\t\t\t<div class=\"ha-slick-item\">\n\t\t\t\t\t\t\t\t\t\t\t\t\t<img decoding=\"async\" class=\"ha-slick-img\" src=\"https:\/\/cmpf.ma\/wp-content\/uploads\/2025\/03\/5f2cea72-7874-48cd-9abf-218240d1f761.jpg\" alt=\"\">\n\t\t\t\t\t\t\n\t\t\t\t\t\t\t\t\t\t\t<\/div>\n\t\t\t\t<\/div>\n\n\t\t\t\n\t\t\t\t<div class=\"ha-slick-slide slick-slide\">\n\t\t\t\t\t<div class=\"ha-slick-item\">\n\t\t\t\t\t\t\t\t\t\t\t\t\t<img decoding=\"async\" class=\"ha-slick-img\" src=\"https:\/\/cmpf.ma\/wp-content\/uploads\/2025\/03\/8b595a6c-b0b6-44dc-b4d4-75203eebb36a.jpg\" alt=\"\">\n\t\t\t\t\t\t\n\t\t\t\t\t\t\t\t\t\t\t<\/div>\n\t\t\t\t<\/div>\n\n\t\t\t\n\t\t\t\t<div class=\"ha-slick-slide slick-slide\">\n\t\t\t\t\t<div class=\"ha-slick-item\">\n\t\t\t\t\t\t\t\t\t\t\t\t\t<img decoding=\"async\" class=\"ha-slick-img\" src=\"https:\/\/cmpf.ma\/wp-content\/uploads\/2025\/03\/11-20.jpg\" alt=\"\">\n\t\t\t\t\t\t\n\t\t\t\t\t\t\t\t\t\t\t<\/div>\n\t\t\t\t<\/div>\n\n\t\t\t\n\t\t\t\t<div class=\"ha-slick-slide slick-slide\">\n\t\t\t\t\t<div class=\"ha-slick-item\">\n\t\t\t\t\t\t\t\t\t\t\t\t\t<img decoding=\"async\" class=\"ha-slick-img\" src=\"https:\/\/cmpf.ma\/wp-content\/uploads\/2025\/03\/WhatsApp-Image-2024-10-11-at-18.19.39-1.jpeg\" alt=\"\">\n\t\t\t\t\t\t\n\t\t\t\t\t\t\t\t\t\t\t<\/div>\n\t\t\t\t<\/div>\n\n\t\t\t\n\t\t\t\t<div class=\"ha-slick-slide slick-slide\">\n\t\t\t\t\t<div class=\"ha-slick-item\">\n\t\t\t\t\t\t\t\t\t\t\t\t\t<img decoding=\"async\" class=\"ha-slick-img\" src=\"https:\/\/cmpf.ma\/wp-content\/uploads\/2025\/03\/f7381615-0493-4ef3-a390-5737933f8918.jpg\" alt=\"\">\n\t\t\t\t\t\t\n\t\t\t\t\t\t\t\t\t\t\t<\/div>\n\t\t\t\t<\/div>\n\n\t\t\t\n\t\t\t\t<div class=\"ha-slick-slide slick-slide\">\n\t\t\t\t\t<div class=\"ha-slick-item\">\n\t\t\t\t\t\t\t\t\t\t\t\t\t<img decoding=\"async\" class=\"ha-slick-img\" src=\"https:\/\/cmpf.ma\/wp-content\/uploads\/2025\/03\/222.jpg\" alt=\"\">\n\t\t\t\t\t\t\n\t\t\t\t\t\t\t\t\t\t\t<\/div>\n\t\t\t\t<\/div>\n\n\t\t\t\n\t\t\t\t<div class=\"ha-slick-slide slick-slide\">\n\t\t\t\t\t<div class=\"ha-slick-item\">\n\t\t\t\t\t\t\t\t\t\t\t\t\t<img decoding=\"async\" class=\"ha-slick-img\" src=\"https:\/\/cmpf.ma\/wp-content\/uploads\/2025\/03\/WhatsApp-Image-2024-10-11-at-18.19.32-1.jpeg\" alt=\"\">\n\t\t\t\t\t\t\n\t\t\t\t\t\t\t\t\t\t\t<\/div>\n\t\t\t\t<\/div>\n\n\t\t\t\n\t\t\t\t<div class=\"ha-slick-slide slick-slide\">\n\t\t\t\t\t<div class=\"ha-slick-item\">\n\t\t\t\t\t\t\t\t\t\t\t\t\t<img decoding=\"async\" class=\"ha-slick-img\" src=\"https:\/\/cmpf.ma\/wp-content\/uploads\/2025\/03\/WhatsApp-Image-2024-10-11-at-18.19.33-1.jpeg\" alt=\"\">\n\t\t\t\t\t\t\n\t\t\t\t\t\t\t\t\t\t\t<\/div>\n\t\t\t\t<\/div>\n\n\t\t\t\n\t\t\t\t<div class=\"ha-slick-slide slick-slide\">\n\t\t\t\t\t<div class=\"ha-slick-item\">\n\t\t\t\t\t\t\t\t\t\t\t\t\t<img decoding=\"async\" class=\"ha-slick-img\" src=\"https:\/\/cmpf.ma\/wp-content\/uploads\/2025\/03\/WhatsApp-Image-2024-10-11-at-18.19.37-3.jpeg\" alt=\"\">\n\t\t\t\t\t\t\n\t\t\t\t\t\t\t\t\t\t\t<\/div>\n\t\t\t\t<\/div>\n\n\t\t\t\n\t\t\t\t<div class=\"ha-slick-slide slick-slide\">\n\t\t\t\t\t<div class=\"ha-slick-item\">\n\t\t\t\t\t\t\t\t\t\t\t\t\t<img decoding=\"async\" class=\"ha-slick-img\" src=\"https:\/\/cmpf.ma\/wp-content\/uploads\/2025\/03\/WhatsApp-Image-2024-10-11-at-18.19.38-1.jpeg\" alt=\"\">\n\t\t\t\t\t\t\n\t\t\t\t\t\t\t\t\t\t\t<\/div>\n\t\t\t\t<\/div>\n\n\t\t\t\n\t\t<\/div>\n\n\t\t\t\t\t<button type=\"button\" class=\"slick-prev\"><svg aria-hidden=\"true\" class=\"e-font-icon-svg e-fas-chevron-left\" viewbox=\"0 0 320 512\" xmlns=\"http:\/\/www.w3.org\/2000\/svg\"><path d=\"M34.52 239.03L228.87 44.69c9.37-9.37 24.57-9.37 33.94 0l22.67 22.67c9.36 9.36 9.37 24.52.04 33.9L131.49 256l154.02 154.75c9.34 9.38 9.32 24.54-.04 33.9l-22.67 22.67c-9.37 9.37-24.57 9.37-33.94 0L34.52 272.97c-9.37-9.37-9.37-24.57 0-33.94z\"><\/path><\/svg><\/button>\n\t\t\n\t\t\t\t\t<button type=\"button\" class=\"slick-next\"><svg aria-hidden=\"true\" class=\"e-font-icon-svg e-fas-chevron-right\" viewbox=\"0 0 320 512\" xmlns=\"http:\/\/www.w3.org\/2000\/svg\"><path d=\"M285.476 272.971L91.132 467.314c-9.373 9.373-24.569 9.373-33.941 0l-22.667-22.667c-9.357-9.357-9.375-24.522-.04-33.901L188.505 256 34.484 101.255c-9.335-9.379-9.317-24.544.04-33.901l22.667-22.667c9.373-9.373 24.569-9.373 33.941 0L285.475 239.03c9.373 9.372 9.373 24.568.001 33.941z\"><\/path><\/svg><\/button>\n\t\t\n\t\t\t\t\t\t<\/div>\n\t\t\t\t<\/div>\n\t\t\t\t\t<\/div>\n\t\t\t\t<\/div>\n\t\t<div class=\"elementor-element elementor-element-9b1e29f e-grid e-con-boxed e-con e-parent\" data-id=\"9b1e29f\" data-element_type=\"container\" data-settings=\"{&quot;_ha_eqh_enable&quot;:false}\">\n\t\t\t\t\t<div class=\"e-con-inner\">\n\t\t\t\t<div class=\"elementor-element elementor-element-512fe8b elementor-widget elementor-widget-image\" data-id=\"512fe8b\" data-element_type=\"widget\" data-widget_type=\"image.default\">\n\t\t\t\t<div class=\"elementor-widget-container\">\n\t\t\t\t\t\t\t\t\t\t\t\t\t\t\t\t<a href=\"https:\/\/cmpf.ma\/wp-content\/uploads\/2025\/04\/d1fe0f1d-3c88-4368-bf9d-6f5a64164e3e.jpg\" data-elementor-open-lightbox=\"yes\" data-elementor-lightbox-title=\"Image\" data-e-action-hash=\"#elementor-action%3Aaction%3Dlightbox%26settings%3DeyJpZCI6NzQyOCwidXJsIjoiaHR0cHM6XC9cL2NtcGYubWFcL3dwLWNvbnRlbnRcL3VwbG9hZHNcLzIwMjVcLzA0XC9kMWZlMGYxZC0zYzg4LTQzNjgtYmY5ZC02ZjVhNjQxNjRlM2UuanBnIn0%3D\">\n\t\t\t\t\t\t\t<img decoding=\"async\" src=\"https:\/\/cmpf.ma\/wp-content\/uploads\/elementor\/thumbs\/d1fe0f1d-3c88-4368-bf9d-6f5a64164e3e-r4sbdiwon8aaq3jg7kkz5oggt5jj54ay273cr2ojdg.jpg\" title=\"Image\" alt=\"Image\" loading=\"lazy\" \/>\t\t\t\t\t\t\t\t<\/a>\n\t\t\t\t\t\t\t\t\t\t\t\t\t\t\t<\/div>\n\t\t\t\t<\/div>\n\t\t\t\t<div class=\"elementor-element elementor-element-48348f0 elementor-widget elementor-widget-image\" data-id=\"48348f0\" data-element_type=\"widget\" data-widget_type=\"image.default\">\n\t\t\t\t<div class=\"elementor-widget-container\">\n\t\t\t\t\t\t\t\t\t\t\t\t\t\t\t\t<a href=\"https:\/\/cmpf.ma\/wp-content\/uploads\/2020\/07\/604e6038-97b0-4831-9a4f-7c979e1c35c4.jpg\" data-elementor-open-lightbox=\"yes\" data-elementor-lightbox-title=\"Image\" data-e-action-hash=\"#elementor-action%3Aaction%3Dlightbox%26settings%3DeyJpZCI6NzIwMywidXJsIjoiaHR0cHM6XC9cL2NtcGYubWFcL3dwLWNvbnRlbnRcL3VwbG9hZHNcLzIwMjBcLzA3XC82MDRlNjAzOC05N2IwLTQ4MzEtOWE0Zi03Yzk3OWUxYzM1YzQuanBnIn0%3D\">\n\t\t\t\t\t\t\t<img decoding=\"async\" src=\"https:\/\/cmpf.ma\/wp-content\/uploads\/elementor\/thumbs\/604e6038-97b0-4831-9a4f-7c979e1c35c4-r4sbfcpdxmsdasvvjd0v07uqe4j83xk5n8rccfyz9w.jpg\" title=\"Image\" alt=\"Image\" loading=\"lazy\" \/>\t\t\t\t\t\t\t\t<\/a>\n\t\t\t\t\t\t\t\t\t\t\t\t\t\t\t<\/div>\n\t\t\t\t<\/div>\n\t\t\t\t<div class=\"elementor-element elementor-element-487e56a elementor-widget elementor-widget-image\" data-id=\"487e56a\" data-element_type=\"widget\" data-widget_type=\"image.default\">\n\t\t\t\t<div class=\"elementor-widget-container\">\n\t\t\t\t\t\t\t\t\t\t\t\t\t\t\t\t<a href=\"https:\/\/cmpf.ma\/wp-content\/uploads\/2025\/03\/04f89b7a-33d8-4c7e-84f5-44e379450bb5.jpg\" data-elementor-open-lightbox=\"yes\" data-elementor-lightbox-title=\"Image\" data-e-action-hash=\"#elementor-action%3Aaction%3Dlightbox%26settings%3DeyJpZCI6NjYzOCwidXJsIjoiaHR0cHM6XC9cL2NtcGYubWFcL3dwLWNvbnRlbnRcL3VwbG9hZHNcLzIwMjVcLzAzXC8wNGY4OWI3YS0zM2Q4LTRjN2UtODRmNS00NGUzNzk0NTBiYjUuanBnIn0%3D\">\n\t\t\t\t\t\t\t<img decoding=\"async\" src=\"https:\/\/cmpf.ma\/wp-content\/uploads\/elementor\/thumbs\/04f89b7a-33d8-4c7e-84f5-44e379450bb5-r4sbjnsr9aooigmldq2axmpsepasdznv8kegj3l0r8.jpg\" title=\"Image\" alt=\"Image\" loading=\"lazy\" \/>\t\t\t\t\t\t\t\t<\/a>\n\t\t\t\t\t\t\t\t\t\t\t\t\t\t\t<\/div>\n\t\t\t\t<\/div>\n\t\t\t\t<div class=\"elementor-element elementor-element-f699a1e elementor-widget elementor-widget-image\" data-id=\"f699a1e\" data-element_type=\"widget\" data-widget_type=\"image.default\">\n\t\t\t\t<div class=\"elementor-widget-container\">\n\t\t\t\t\t\t\t\t\t\t\t\t\t\t\t\t<a href=\"https:\/\/cmpf.ma\/wp-content\/uploads\/2025\/03\/5f2cea72-7874-48cd-9abf-218240d1f761.jpg\" data-elementor-open-lightbox=\"yes\" data-elementor-lightbox-title=\"Image\" data-e-action-hash=\"#elementor-action%3Aaction%3Dlightbox%26settings%3DeyJpZCI6NjYzNywidXJsIjoiaHR0cHM6XC9cL2NtcGYubWFcL3dwLWNvbnRlbnRcL3VwbG9hZHNcLzIwMjVcLzAzXC81ZjJjZWE3Mi03ODc0LTQ4Y2QtOWFiZi0yMTgyNDBkMWY3NjEuanBnIn0%3D\">\n\t\t\t\t\t\t\t<img decoding=\"async\" src=\"https:\/\/cmpf.ma\/wp-content\/uploads\/elementor\/thumbs\/5f2cea72-7874-48cd-9abf-218240d1f761-r4sbjoqlg4pyu2l888gxi4h90365lorlkp1y0djml0.jpg\" title=\"Image\" alt=\"Image\" loading=\"lazy\" \/>\t\t\t\t\t\t\t\t<\/a>\n\t\t\t\t\t\t\t\t\t\t\t\t\t\t\t<\/div>\n\t\t\t\t<\/div>\n\t\t\t\t<div class=\"elementor-element elementor-element-7fd6198 elementor-widget elementor-widget-image\" data-id=\"7fd6198\" data-element_type=\"widget\" data-widget_type=\"image.default\">\n\t\t\t\t<div class=\"elementor-widget-container\">\n\t\t\t\t\t\t\t\t\t\t\t\t\t\t\t\t<a href=\"https:\/\/cmpf.ma\/wp-content\/uploads\/2025\/03\/WhatsApp-Image-2024-10-11-at-18.19.39-1.jpeg\" data-elementor-open-lightbox=\"yes\" data-elementor-lightbox-title=\"Image\" data-e-action-hash=\"#elementor-action%3Aaction%3Dlightbox%26settings%3DeyJpZCI6NjYzOSwidXJsIjoiaHR0cHM6XC9cL2NtcGYubWFcL3dwLWNvbnRlbnRcL3VwbG9hZHNcLzIwMjVcLzAzXC9XaGF0c0FwcC1JbWFnZS0yMDI0LTEwLTExLWF0LTE4LjE5LjM5LTEuanBlZyJ9\">\n\t\t\t\t\t\t\t<img decoding=\"async\" src=\"https:\/\/cmpf.ma\/wp-content\/uploads\/elementor\/thumbs\/WhatsApp-Image-2024-10-11-at-18.19.39-1-r4sbjlx2vmm3v8pbop91sn6v7xk1ylgekb3hkjnt3o.jpeg\" title=\"Image\" alt=\"Image\" loading=\"lazy\" \/>\t\t\t\t\t\t\t\t<\/a>\n\t\t\t\t\t\t\t\t\t\t\t\t\t\t\t<\/div>\n\t\t\t\t<\/div>\n\t\t\t\t<div class=\"elementor-element elementor-element-7cf503e elementor-widget elementor-widget-image\" data-id=\"7cf503e\" data-element_type=\"widget\" data-widget_type=\"image.default\">\n\t\t\t\t<div class=\"elementor-widget-container\">\n\t\t\t\t\t\t\t\t\t\t\t\t\t\t\t\t<a href=\"https:\/\/cmpf.ma\/wp-content\/uploads\/2025\/03\/222.jpg\" data-elementor-open-lightbox=\"yes\" data-elementor-lightbox-title=\"Image\" data-e-action-hash=\"#elementor-action%3Aaction%3Dlightbox%26settings%3DeyJpZCI6NjYzMywidXJsIjoiaHR0cHM6XC9cL2NtcGYubWFcL3dwLWNvbnRlbnRcL3VwbG9hZHNcLzIwMjVcLzAzXC8yMjIuanBnIn0%3D\">\n\t\t\t\t\t\t\t<img decoding=\"async\" src=\"https:\/\/cmpf.ma\/wp-content\/uploads\/elementor\/thumbs\/222-r4sbjvbgryyz3cbo5tbbhkth5s9q3khpxlmcdb9vdg.jpg\" title=\"Image\" alt=\"Image\" loading=\"lazy\" \/>\t\t\t\t\t\t\t\t<\/a>\n\t\t\t\t\t\t\t\t\t\t\t\t\t\t\t<\/div>\n\t\t\t\t<\/div>\n\t\t\t\t<div class=\"elementor-element elementor-element-65618cc elementor-widget elementor-widget-image\" data-id=\"65618cc\" data-element_type=\"widget\" data-widget_type=\"image.default\">\n\t\t\t\t<div class=\"elementor-widget-container\">\n\t\t\t\t\t\t\t\t\t\t\t\t\t\t\t\t<a href=\"https:\/\/cmpf.ma\/wp-content\/uploads\/2025\/03\/WhatsApp-Image-2024-10-11-at-18.19.32-1.jpeg\" data-elementor-open-lightbox=\"yes\" data-elementor-lightbox-title=\"Image\" data-e-action-hash=\"#elementor-action%3Aaction%3Dlightbox%26settings%3DeyJpZCI6NjYyOSwidXJsIjoiaHR0cHM6XC9cL2NtcGYubWFcL3dwLWNvbnRlbnRcL3VwbG9hZHNcLzIwMjVcLzAzXC9XaGF0c0FwcC1JbWFnZS0yMDI0LTEwLTExLWF0LTE4LjE5LjMyLTEuanBlZyJ9\">\n\t\t\t\t\t\t\t<img decoding=\"async\" src=\"https:\/\/cmpf.ma\/wp-content\/uploads\/elementor\/thumbs\/WhatsApp-Image-2024-10-11-at-18.19.32-1-r4sbk0yhwz6p103h8vr2wje8q3hxdr43ydj98z1ic4.jpeg\" title=\"Image\" alt=\"Image\" loading=\"lazy\" \/>\t\t\t\t\t\t\t\t<\/a>\n\t\t\t\t\t\t\t\t\t\t\t\t\t\t\t<\/div>\n\t\t\t\t<\/div>\n\t\t\t\t<div class=\"elementor-element elementor-element-b9cd274 elementor-widget elementor-widget-image\" data-id=\"b9cd274\" data-element_type=\"widget\" data-widget_type=\"image.default\">\n\t\t\t\t<div class=\"elementor-widget-container\">\n\t\t\t\t\t\t\t\t\t\t\t\t\t\t\t\t<a href=\"https:\/\/cmpf.ma\/wp-content\/uploads\/2025\/03\/WhatsApp-Image-2024-10-11-at-18.19.33-1.jpeg\" data-elementor-open-lightbox=\"yes\" data-elementor-lightbox-title=\"Image\" data-e-action-hash=\"#elementor-action%3Aaction%3Dlightbox%26settings%3DeyJpZCI6NjYyOCwidXJsIjoiaHR0cHM6XC9cL2NtcGYubWFcL3dwLWNvbnRlbnRcL3VwbG9hZHNcLzIwMjVcLzAzXC9XaGF0c0FwcC1JbWFnZS0yMDI0LTEwLTExLWF0LTE4LjE5LjMzLTEuanBlZyJ9\">\n\t\t\t\t\t\t\t<img decoding=\"async\" src=\"https:\/\/cmpf.ma\/wp-content\/uploads\/elementor\/thumbs\/WhatsApp-Image-2024-10-11-at-18.19.33-1-r4sbk2u6an99o80qxwkc1ix5wv8nt5bkmmu87iypzo.jpeg\" title=\"Image\" alt=\"Image\" loading=\"lazy\" \/>\t\t\t\t\t\t\t\t<\/a>\n\t\t\t\t\t\t\t\t\t\t\t\t\t\t\t<\/div>\n\t\t\t\t<\/div>\n\t\t\t\t<div class=\"elementor-element elementor-element-19f22f8 elementor-widget elementor-widget-image\" data-id=\"19f22f8\" data-element_type=\"widget\" data-widget_type=\"image.default\">\n\t\t\t\t<div class=\"elementor-widget-container\">\n\t\t\t\t\t\t\t\t\t\t\t\t\t\t\t\t<a href=\"https:\/\/cmpf.ma\/wp-content\/uploads\/2025\/03\/WhatsApp-Image-2024-10-11-at-18.19.37-3.jpeg\" data-elementor-open-lightbox=\"yes\" data-elementor-lightbox-title=\"Image\" data-e-action-hash=\"#elementor-action%3Aaction%3Dlightbox%26settings%3DeyJpZCI6NjYyNywidXJsIjoiaHR0cHM6XC9cL2NtcGYubWFcL3dwLWNvbnRlbnRcL3VwbG9hZHNcLzIwMjVcLzAzXC9XaGF0c0FwcC1JbWFnZS0yMDI0LTEwLTExLWF0LTE4LjE5LjM3LTMuanBlZyJ9\">\n\t\t\t\t\t\t\t<img decoding=\"async\" src=\"https:\/\/cmpf.ma\/wp-content\/uploads\/elementor\/thumbs\/WhatsApp-Image-2024-10-11-at-18.19.37-3-r4sbk3s0hhajztzdseyym0omi9410ufayrhposxbtg.jpeg\" title=\"Image\" alt=\"Image\" loading=\"lazy\" \/>\t\t\t\t\t\t\t\t<\/a>\n\t\t\t\t\t\t\t\t\t\t\t\t\t\t\t<\/div>\n\t\t\t\t<\/div>\n\t\t\t\t\t<\/div>\n\t\t\t\t<\/div>\n\t\t\t\t<\/div>","protected":false},"excerpt":{"rendered":"<p>Pompes Fun\u00e8bres Musulmanes Pour les d\u00e9c\u00e8s musulmans que ce soit au maroc ou \u00e0 l\u2019\u00e9tranger, les compagnies d\u2019assistance sont parmi les premiers partenaires de la cmpf.<\/p>","protected":false},"author":1,"featured_media":0,"parent":0,"menu_order":0,"comment_status":"closed","ping_status":"closed","template":"elementor_header_footer","meta":{"footnotes":""},"class_list":["post-6622","page","type-page","status-publish","hentry"],"_links":{"self":[{"href":"https:\/\/cmpf.ma\/es\/wp-json\/wp\/v2\/pages\/6622","targetHints":{"allow":["GET"]}}],"collection":[{"href":"https:\/\/cmpf.ma\/es\/wp-json\/wp\/v2\/pages"}],"about":[{"href":"https:\/\/cmpf.ma\/es\/wp-json\/wp\/v2\/types\/page"}],"author":[{"embeddable":true,"href":"https:\/\/cmpf.ma\/es\/wp-json\/wp\/v2\/users\/1"}],"replies":[{"embeddable":true,"href":"https:\/\/cmpf.ma\/es\/wp-json\/wp\/v2\/comments?post=6622"}],"version-history":[{"count":23,"href":"https:\/\/cmpf.ma\/es\/wp-json\/wp\/v2\/pages\/6622\/revisions"}],"predecessor-version":[{"id":7980,"href":"https:\/\/cmpf.ma\/es\/wp-json\/wp\/v2\/pages\/6622\/revisions\/7980"}],"wp:attachment":[{"href":"https:\/\/cmpf.ma\/es\/wp-json\/wp\/v2\/media?parent=6622"}],"curies":[{"name":"wp","href":"https:\/\/api.w.org\/{rel}","templated":true}]}}